{"id":34743,"date":"2025-12-19T15:21:16","date_gmt":"2025-12-19T14:21:16","guid":{"rendered":"https:\/\/artmotiers.ch\/2026-3\/"},"modified":"2026-01-15T14:03:26","modified_gmt":"2026-01-15T13:03:26","slug":"expo2026","status":"publish","type":"page","link":"https:\/\/artmotiers.ch\/en\/","title":{"rendered":"Exhibition 2026"},"content":{"rendered":"\t\t<div data-elementor-type=\"wp-page\" data-elementor-id=\"34743\" class=\"elementor elementor-34743 elementor-34736\" data-elementor-post-type=\"page\">\n\t\t\t\t<div class=\"elementor-element elementor-element-94f5082 lottie_home e-flex e-con-boxed e-con e-parent\" data-id=\"94f5082\" data-element_type=\"container\">\n\t\t\t\t\t<div class=\"e-con-inner\">\n\t\t\t\t<div class=\"elementor-element elementor-element-2ef3087 elementor-widget elementor-widget-shortcode\" data-id=\"2ef3087\" data-element_type=\"widget\" data-widget_type=\"shortcode.default\">\n\t\t\t\t<div class=\"elementor-widget-container\">\n\t\t\t\t\t\t\t<div class=\"elementor-shortcode\"><div id=\"lottie-parcours\" class=\"lottie-container align-center \" style=\"width:100%;height:auto;\"><\/div>        <script>\n        window.lottieAnimationsQueue = window.lottieAnimationsQueue || [];\n\n        function loadLottieAnimation(containerId, jsonPath, loop, autoplay) {\n            const target = document.getElementById(containerId);\n            if (!target || typeof lottie === 'undefined') return;\n\n            const anim = lottie.loadAnimation({\n                container: target,\n                renderer: 'svg',\n                loop: loop,\n                autoplay: autoplay,\n                path: jsonPath,\n                rendererSettings: {\n                    \/\/ Assure que l\u2019animation est enti\u00e8rement visible (comme object-fit: contain)\n                    preserveAspectRatio: 'xMidYMid meet'\n                }\n            });\n\n            \/\/ Si aucun aspect-ratio n'est fourni, d\u00e9duire le ratio depuis les donn\u00e9es\n            const applyAutoAspect = () => {\n                try {\n                    if (!target.style.aspectRatio) {\n                        const w = anim?.animationData?.w;\n                        const h = anim?.animationData?.h;\n                        if (w && h) {\n                            target.style.aspectRatio = `${w} \/ ${h}`;\n                        }\n                    }\n                } catch (e) {\n                    \/\/ silencieux\n                }\n            };\n            \/\/ Quand le DOM de l\u2019anim est pr\u00eat, applique le ratio si besoin\n            anim.addEventListener('DOMLoaded', applyAutoAspect);\n            \/\/ En fallback si l'\u00e9v\u00e9nement ne se d\u00e9clenche pas\n            anim.addEventListener('data_ready', applyAutoAspect);\n        }\n\n        function initializeAllLotties() {\n            window.lottieAnimationsQueue.forEach(config => {\n                loadLottieAnimation(config.id, config.path, config.loop, config.autoplay);\n            });\n            window.lottieAnimationsQueue = []; \/\/ vider la file\n        }\n\n        document.addEventListener('DOMContentLoaded', function () {\n            if (typeof lottie === 'undefined') {\n                const script = document.createElement('script');\n                script.src = \"https:\/\/cdnjs.cloudflare.com\/ajax\/libs\/lottie-web\/5.12.2\/lottie.min.js\";\n                script.onload = initializeAllLotties;\n                document.body.appendChild(script);\n            } else {\n                initializeAllLotties();\n            }\n        });\n\n        \/\/ Elementor hook\n        jQuery(window).on('elementor\/frontend\/init', function () {\n            initializeAllLotties();\n        });\n        <\/script>\n            <script>\n    window.lottieAnimationsQueue = window.lottieAnimationsQueue || [];\n    window.lottieAnimationsQueue.push({\n        id: \"lottie-parcours\",\n        \/\/ Les fichiers JSON sont attendus dans \/animations\/ du th\u00e8me enfant\n        path: 'https:\/\/artmotiers.ch\/wp-content\/themes\/art-motiers-2026\/animations\/ART_MOTIERS_2026_01_111226_03.json',\n        loop: true,\n        autoplay: true    });\n    <\/script>\n    <\/div>\n\t\t\t\t\t\t<\/div>\n\t\t\t\t<\/div>\n\t\t\t\t\t<\/div>\n\t\t\t\t<\/div>\n\t\t\t\t<\/div>\n\t\t","protected":false},"excerpt":{"rendered":"","protected":false},"author":1,"featured_media":0,"parent":0,"menu_order":0,"comment_status":"closed","ping_status":"closed","template":"","meta":{"_acf_changed":false,"footnotes":""},"folder":[],"class_list":["post-34743","page","type-page","status-publish","hentry"],"acf":[],"yoast_head":"<!-- This site is optimized with the Yoast SEO plugin v26.7 - https:\/\/yoast.com\/wordpress\/plugins\/seo\/ -->\n<title>Exhibition 2026 &#8211; Art M\u00f4tiers<\/title>\n<meta name=\"robots\" content=\"index, follow, max-snippet:-1, max-image-preview:large, max-video-preview:-1\" \/>\n<link rel=\"canonical\" href=\"https:\/\/artmotiers.ch\/en\/\" \/>\n<meta property=\"og:locale\" content=\"en_US\" \/>\n<meta property=\"og:type\" content=\"article\" \/>\n<meta property=\"og:title\" content=\"Exhibition 2026 &#8211; Art M\u00f4tiers\" \/>\n<meta property=\"og:url\" content=\"https:\/\/artmotiers.ch\/en\/\" \/>\n<meta property=\"og:site_name\" content=\"Art M\u00f4tiers\" \/>\n<meta property=\"article:modified_time\" content=\"2026-01-15T13:03:26+00:00\" \/>\n<meta property=\"og:image\" content=\"https:\/\/artmotiers.ch\/wp-content\/uploads\/2025\/06\/ART_MOTIERS_logo.jpg\" \/>\n\t<meta property=\"og:image:width\" content=\"1200\" \/>\n\t<meta property=\"og:image:height\" content=\"675\" \/>\n\t<meta property=\"og:image:type\" content=\"image\/jpeg\" \/>\n<meta name=\"twitter:card\" content=\"summary_large_image\" \/>\n<script type=\"application\/ld+json\" class=\"yoast-schema-graph\">{\"@context\":\"https:\/\/schema.org\",\"@graph\":[{\"@type\":\"WebPage\",\"@id\":\"https:\/\/artmotiers.ch\/en\/\",\"url\":\"https:\/\/artmotiers.ch\/en\/\",\"name\":\"Exhibition 2026 &#8211; Art M\u00f4tiers\",\"isPartOf\":{\"@id\":\"https:\/\/artmotiers.ch\/en\/#website\"},\"datePublished\":\"2025-12-19T14:21:16+00:00\",\"dateModified\":\"2026-01-15T13:03:26+00:00\",\"breadcrumb\":{\"@id\":\"https:\/\/artmotiers.ch\/en\/#breadcrumb\"},\"inLanguage\":\"en-US\",\"potentialAction\":[{\"@type\":\"ReadAction\",\"target\":[\"https:\/\/artmotiers.ch\/en\/\"]}]},{\"@type\":\"BreadcrumbList\",\"@id\":\"https:\/\/artmotiers.ch\/en\/#breadcrumb\",\"itemListElement\":[{\"@type\":\"ListItem\",\"position\":1,\"name\":\"Accueil\",\"item\":\"https:\/\/artmotiers.ch\/en\/expo2026\/\"},{\"@type\":\"ListItem\",\"position\":2,\"name\":\"Exhibition 2026\"}]},{\"@type\":\"WebSite\",\"@id\":\"https:\/\/artmotiers.ch\/en\/#website\",\"url\":\"https:\/\/artmotiers.ch\/en\/\",\"name\":\"Art M\u00f4tiers\",\"description\":\"Expo en plein air\",\"publisher\":{\"@id\":\"https:\/\/artmotiers.ch\/en\/#organization\"},\"potentialAction\":[{\"@type\":\"SearchAction\",\"target\":{\"@type\":\"EntryPoint\",\"urlTemplate\":\"https:\/\/artmotiers.ch\/en\/?s={search_term_string}\"},\"query-input\":{\"@type\":\"PropertyValueSpecification\",\"valueRequired\":true,\"valueName\":\"search_term_string\"}}],\"inLanguage\":\"en-US\"},{\"@type\":\"Organization\",\"@id\":\"https:\/\/artmotiers.ch\/en\/#organization\",\"name\":\"Art M\u00f4tiers\",\"url\":\"https:\/\/artmotiers.ch\/en\/\",\"logo\":{\"@type\":\"ImageObject\",\"inLanguage\":\"en-US\",\"@id\":\"https:\/\/artmotiers.ch\/en\/#\/schema\/logo\/image\/\",\"url\":\"https:\/\/artmotiers.ch\/wp-content\/uploads\/2024\/10\/ART_MOTIERS_LOGO.png\",\"contentUrl\":\"https:\/\/artmotiers.ch\/wp-content\/uploads\/2024\/10\/ART_MOTIERS_LOGO.png\",\"width\":6108,\"height\":3582,\"caption\":\"Art M\u00f4tiers\"},\"image\":{\"@id\":\"https:\/\/artmotiers.ch\/en\/#\/schema\/logo\/image\/\"}}]}<\/script>\n<!-- \/ Yoast SEO plugin. -->","yoast_head_json":{"title":"Exhibition 2026 &#8211; Art M\u00f4tiers","robots":{"index":"index","follow":"follow","max-snippet":"max-snippet:-1","max-image-preview":"max-image-preview:large","max-video-preview":"max-video-preview:-1"},"canonical":"https:\/\/artmotiers.ch\/en\/","og_locale":"en_US","og_type":"article","og_title":"Exhibition 2026 &#8211; Art M\u00f4tiers","og_url":"https:\/\/artmotiers.ch\/en\/","og_site_name":"Art M\u00f4tiers","article_modified_time":"2026-01-15T13:03:26+00:00","og_image":[{"width":1200,"height":675,"url":"https:\/\/artmotiers.ch\/wp-content\/uploads\/2025\/06\/ART_MOTIERS_logo.jpg","type":"image\/jpeg"}],"twitter_card":"summary_large_image","schema":{"@context":"https:\/\/schema.org","@graph":[{"@type":"WebPage","@id":"https:\/\/artmotiers.ch\/en\/","url":"https:\/\/artmotiers.ch\/en\/","name":"Exhibition 2026 &#8211; Art M\u00f4tiers","isPartOf":{"@id":"https:\/\/artmotiers.ch\/en\/#website"},"datePublished":"2025-12-19T14:21:16+00:00","dateModified":"2026-01-15T13:03:26+00:00","breadcrumb":{"@id":"https:\/\/artmotiers.ch\/en\/#breadcrumb"},"inLanguage":"en-US","potentialAction":[{"@type":"ReadAction","target":["https:\/\/artmotiers.ch\/en\/"]}]},{"@type":"BreadcrumbList","@id":"https:\/\/artmotiers.ch\/en\/#breadcrumb","itemListElement":[{"@type":"ListItem","position":1,"name":"Accueil","item":"https:\/\/artmotiers.ch\/en\/expo2026\/"},{"@type":"ListItem","position":2,"name":"Exhibition 2026"}]},{"@type":"WebSite","@id":"https:\/\/artmotiers.ch\/en\/#website","url":"https:\/\/artmotiers.ch\/en\/","name":"Art M\u00f4tiers","description":"Expo en plein air","publisher":{"@id":"https:\/\/artmotiers.ch\/en\/#organization"},"potentialAction":[{"@type":"SearchAction","target":{"@type":"EntryPoint","urlTemplate":"https:\/\/artmotiers.ch\/en\/?s={search_term_string}"},"query-input":{"@type":"PropertyValueSpecification","valueRequired":true,"valueName":"search_term_string"}}],"inLanguage":"en-US"},{"@type":"Organization","@id":"https:\/\/artmotiers.ch\/en\/#organization","name":"Art M\u00f4tiers","url":"https:\/\/artmotiers.ch\/en\/","logo":{"@type":"ImageObject","inLanguage":"en-US","@id":"https:\/\/artmotiers.ch\/en\/#\/schema\/logo\/image\/","url":"https:\/\/artmotiers.ch\/wp-content\/uploads\/2024\/10\/ART_MOTIERS_LOGO.png","contentUrl":"https:\/\/artmotiers.ch\/wp-content\/uploads\/2024\/10\/ART_MOTIERS_LOGO.png","width":6108,"height":3582,"caption":"Art M\u00f4tiers"},"image":{"@id":"https:\/\/artmotiers.ch\/en\/#\/schema\/logo\/image\/"}}]}},"_links":{"self":[{"href":"https:\/\/artmotiers.ch\/en\/wp-json\/wp\/v2\/pages\/34743","targetHints":{"allow":["GET"]}}],"collection":[{"href":"https:\/\/artmotiers.ch\/en\/wp-json\/wp\/v2\/pages"}],"about":[{"href":"https:\/\/artmotiers.ch\/en\/wp-json\/wp\/v2\/types\/page"}],"author":[{"embeddable":true,"href":"https:\/\/artmotiers.ch\/en\/wp-json\/wp\/v2\/users\/1"}],"replies":[{"embeddable":true,"href":"https:\/\/artmotiers.ch\/en\/wp-json\/wp\/v2\/comments?post=34743"}],"version-history":[{"count":3,"href":"https:\/\/artmotiers.ch\/en\/wp-json\/wp\/v2\/pages\/34743\/revisions"}],"predecessor-version":[{"id":34760,"href":"https:\/\/artmotiers.ch\/en\/wp-json\/wp\/v2\/pages\/34743\/revisions\/34760"}],"wp:attachment":[{"href":"https:\/\/artmotiers.ch\/en\/wp-json\/wp\/v2\/media?parent=34743"}],"wp:term":[{"taxonomy":"folder","embeddable":true,"href":"https:\/\/artmotiers.ch\/en\/wp-json\/wp\/v2\/folder?post=34743"}],"curies":[{"name":"wp","href":"https:\/\/api.w.org\/{rel}","templated":true}]}}