{"id":34619,"date":"2025-12-11T16:40:31","date_gmt":"2025-12-11T15:40:31","guid":{"rendered":"https:\/\/artmotiers.ch\/expo2026\/danksagung\/"},"modified":"2026-04-14T22:34:47","modified_gmt":"2026-04-14T20:34:47","slug":"danksagung","status":"publish","type":"page","link":"https:\/\/artmotiers.ch\/de\/expo2026\/danksagung\/","title":{"rendered":"Danksagung"},"content":{"rendered":"\t\t<div data-elementor-type=\"wp-page\" data-elementor-id=\"34619\" class=\"elementor elementor-34619 elementor-34389\" data-elementor-post-type=\"page\">\n\t\t\t\t<div class=\"elementor-element elementor-element-7b349dd4 e-con-full e-flex e-con e-parent\" data-id=\"7b349dd4\" data-element_type=\"container\">\n\t\t\t\t<div class=\"elementor-element elementor-element-13ce6c0a elementor-widget elementor-widget-text-editor\" data-id=\"13ce6c0a\" data-element_type=\"widget\" data-widget_type=\"text-editor.default\">\n\t\t\t\t<div class=\"elementor-widget-container\">\n\t\t\t\t\t\t\t\t\t<p>Art M\u00f4tiers 2026 k\u00f6nnte ohne die unglaubliche Unterst\u00fctzung unserer gro\u00dfz\u00fcgigen F\u00f6rderer, Sponsoren und Partner schlichtweg nicht existieren.<\/p>\n<p>Wir danken auch allen ehrenamtlichen Helfern, den Eigent\u00fcmern, die ihre Grundst\u00fccke oder Geb\u00e4ude zur Verf\u00fcgung stellen, sowie allen, die uns helfen.\n<b><br>DANKE!<br><\/b><\/p>\t\t\t\t\t\t\t\t<\/div>\n\t\t\t\t<\/div>\n\t\t\t\t<\/div>\n\t\t\t\t<\/div>\n\t\t","protected":false},"excerpt":{"rendered":"<p>Art M\u00f4tiers 2026 k\u00f6nnte ohne die unglaubliche Unterst\u00fctzung unserer gro\u00dfz\u00fcgigen F\u00f6rderer, Sponsoren und Partner schlichtweg nicht existieren. Wir danken auch allen ehrenamtlichen Helfern, den Eigent\u00fcmern, die ihre Grundst\u00fccke oder Geb\u00e4ude zur Verf\u00fcgung stellen, sowie allen, die uns helfen. DANKE!<\/p>\n","protected":false},"author":1,"featured_media":0,"parent":34741,"menu_order":0,"comment_status":"closed","ping_status":"closed","template":"","meta":{"_acf_changed":false,"footnotes":""},"folder":[],"class_list":["post-34619","page","type-page","status-publish","hentry"],"acf":[],"yoast_head":"<!-- This site is optimized with the Yoast SEO plugin v26.7 - https:\/\/yoast.com\/wordpress\/plugins\/seo\/ -->\n<title>Danksagung &#8211; Art M\u00f4tiers<\/title>\n<meta name=\"robots\" content=\"index, follow, max-snippet:-1, max-image-preview:large, max-video-preview:-1\" \/>\n<link rel=\"canonical\" href=\"https:\/\/artmotiers.ch\/de\/expo2026\/danksagung\/\" \/>\n<meta property=\"og:locale\" content=\"de_DE\" \/>\n<meta property=\"og:type\" content=\"article\" \/>\n<meta property=\"og:title\" content=\"Danksagung &#8211; Art M\u00f4tiers\" \/>\n<meta property=\"og:description\" content=\"Art M\u00f4tiers 2026 k\u00f6nnte ohne die unglaubliche Unterst\u00fctzung unserer gro\u00dfz\u00fcgigen F\u00f6rderer, Sponsoren und Partner schlichtweg nicht existieren. Wir danken auch allen ehrenamtlichen Helfern, den Eigent\u00fcmern, die ihre Grundst\u00fccke oder Geb\u00e4ude zur Verf\u00fcgung stellen, sowie allen, die uns helfen. DANKE!\" \/>\n<meta property=\"og:url\" content=\"https:\/\/artmotiers.ch\/de\/expo2026\/danksagung\/\" \/>\n<meta property=\"og:site_name\" content=\"Art M\u00f4tiers\" \/>\n<meta property=\"article:modified_time\" content=\"2026-04-14T20:34:47+00:00\" \/>\n<meta property=\"og:image\" content=\"https:\/\/artmotiers.ch\/wp-content\/uploads\/2025\/06\/ART_MOTIERS_logo.jpg\" \/>\n\t<meta property=\"og:image:width\" content=\"1200\" \/>\n\t<meta property=\"og:image:height\" content=\"675\" \/>\n\t<meta property=\"og:image:type\" content=\"image\/jpeg\" \/>\n<meta name=\"twitter:card\" content=\"summary_large_image\" \/>\n<script type=\"application\/ld+json\" class=\"yoast-schema-graph\">{\"@context\":\"https:\/\/schema.org\",\"@graph\":[{\"@type\":\"WebPage\",\"@id\":\"https:\/\/artmotiers.ch\/de\/expo2026\/danksagung\/\",\"url\":\"https:\/\/artmotiers.ch\/de\/expo2026\/danksagung\/\",\"name\":\"Danksagung &#8211; Art M\u00f4tiers\",\"isPartOf\":{\"@id\":\"https:\/\/artmotiers.ch\/de\/#website\"},\"datePublished\":\"2025-12-11T15:40:31+00:00\",\"dateModified\":\"2026-04-14T20:34:47+00:00\",\"breadcrumb\":{\"@id\":\"https:\/\/artmotiers.ch\/de\/expo2026\/danksagung\/#breadcrumb\"},\"inLanguage\":\"de\",\"potentialAction\":[{\"@type\":\"ReadAction\",\"target\":[\"https:\/\/artmotiers.ch\/de\/expo2026\/danksagung\/\"]}]},{\"@type\":\"BreadcrumbList\",\"@id\":\"https:\/\/artmotiers.ch\/de\/expo2026\/danksagung\/#breadcrumb\",\"itemListElement\":[{\"@type\":\"ListItem\",\"position\":1,\"name\":\"Accueil\",\"item\":\"https:\/\/artmotiers.ch\/de\/expo2026\/\"},{\"@type\":\"ListItem\",\"position\":2,\"name\":\"Expo 2026\",\"item\":\"https:\/\/artmotiers.ch\/de\/expo2026\/\"},{\"@type\":\"ListItem\",\"position\":3,\"name\":\"Danksagung\"}]},{\"@type\":\"WebSite\",\"@id\":\"https:\/\/artmotiers.ch\/de\/#website\",\"url\":\"https:\/\/artmotiers.ch\/de\/\",\"name\":\"Art M\u00f4tiers\",\"description\":\"Expo en plein air\",\"publisher\":{\"@id\":\"https:\/\/artmotiers.ch\/de\/#organization\"},\"potentialAction\":[{\"@type\":\"SearchAction\",\"target\":{\"@type\":\"EntryPoint\",\"urlTemplate\":\"https:\/\/artmotiers.ch\/de\/?s={search_term_string}\"},\"query-input\":{\"@type\":\"PropertyValueSpecification\",\"valueRequired\":true,\"valueName\":\"search_term_string\"}}],\"inLanguage\":\"de\"},{\"@type\":\"Organization\",\"@id\":\"https:\/\/artmotiers.ch\/de\/#organization\",\"name\":\"Art M\u00f4tiers\",\"url\":\"https:\/\/artmotiers.ch\/de\/\",\"logo\":{\"@type\":\"ImageObject\",\"inLanguage\":\"de\",\"@id\":\"https:\/\/artmotiers.ch\/de\/#\/schema\/logo\/image\/\",\"url\":\"https:\/\/artmotiers.ch\/wp-content\/uploads\/2024\/10\/ART_MOTIERS_LOGO.png\",\"contentUrl\":\"https:\/\/artmotiers.ch\/wp-content\/uploads\/2024\/10\/ART_MOTIERS_LOGO.png\",\"width\":6108,\"height\":3582,\"caption\":\"Art M\u00f4tiers\"},\"image\":{\"@id\":\"https:\/\/artmotiers.ch\/de\/#\/schema\/logo\/image\/\"}}]}<\/script>\n<!-- \/ Yoast SEO plugin. -->","yoast_head_json":{"title":"Danksagung &#8211; Art M\u00f4tiers","robots":{"index":"index","follow":"follow","max-snippet":"max-snippet:-1","max-image-preview":"max-image-preview:large","max-video-preview":"max-video-preview:-1"},"canonical":"https:\/\/artmotiers.ch\/de\/expo2026\/danksagung\/","og_locale":"de_DE","og_type":"article","og_title":"Danksagung &#8211; Art M\u00f4tiers","og_description":"Art M\u00f4tiers 2026 k\u00f6nnte ohne die unglaubliche Unterst\u00fctzung unserer gro\u00dfz\u00fcgigen F\u00f6rderer, Sponsoren und Partner schlichtweg nicht existieren. Wir danken auch allen ehrenamtlichen Helfern, den Eigent\u00fcmern, die ihre Grundst\u00fccke oder Geb\u00e4ude zur Verf\u00fcgung stellen, sowie allen, die uns helfen. DANKE!","og_url":"https:\/\/artmotiers.ch\/de\/expo2026\/danksagung\/","og_site_name":"Art M\u00f4tiers","article_modified_time":"2026-04-14T20:34:47+00:00","og_image":[{"width":1200,"height":675,"url":"https:\/\/artmotiers.ch\/wp-content\/uploads\/2025\/06\/ART_MOTIERS_logo.jpg","type":"image\/jpeg"}],"twitter_card":"summary_large_image","schema":{"@context":"https:\/\/schema.org","@graph":[{"@type":"WebPage","@id":"https:\/\/artmotiers.ch\/de\/expo2026\/danksagung\/","url":"https:\/\/artmotiers.ch\/de\/expo2026\/danksagung\/","name":"Danksagung &#8211; Art M\u00f4tiers","isPartOf":{"@id":"https:\/\/artmotiers.ch\/de\/#website"},"datePublished":"2025-12-11T15:40:31+00:00","dateModified":"2026-04-14T20:34:47+00:00","breadcrumb":{"@id":"https:\/\/artmotiers.ch\/de\/expo2026\/danksagung\/#breadcrumb"},"inLanguage":"de","potentialAction":[{"@type":"ReadAction","target":["https:\/\/artmotiers.ch\/de\/expo2026\/danksagung\/"]}]},{"@type":"BreadcrumbList","@id":"https:\/\/artmotiers.ch\/de\/expo2026\/danksagung\/#breadcrumb","itemListElement":[{"@type":"ListItem","position":1,"name":"Accueil","item":"https:\/\/artmotiers.ch\/de\/expo2026\/"},{"@type":"ListItem","position":2,"name":"Expo 2026","item":"https:\/\/artmotiers.ch\/de\/expo2026\/"},{"@type":"ListItem","position":3,"name":"Danksagung"}]},{"@type":"WebSite","@id":"https:\/\/artmotiers.ch\/de\/#website","url":"https:\/\/artmotiers.ch\/de\/","name":"Art M\u00f4tiers","description":"Expo en plein air","publisher":{"@id":"https:\/\/artmotiers.ch\/de\/#organization"},"potentialAction":[{"@type":"SearchAction","target":{"@type":"EntryPoint","urlTemplate":"https:\/\/artmotiers.ch\/de\/?s={search_term_string}"},"query-input":{"@type":"PropertyValueSpecification","valueRequired":true,"valueName":"search_term_string"}}],"inLanguage":"de"},{"@type":"Organization","@id":"https:\/\/artmotiers.ch\/de\/#organization","name":"Art M\u00f4tiers","url":"https:\/\/artmotiers.ch\/de\/","logo":{"@type":"ImageObject","inLanguage":"de","@id":"https:\/\/artmotiers.ch\/de\/#\/schema\/logo\/image\/","url":"https:\/\/artmotiers.ch\/wp-content\/uploads\/2024\/10\/ART_MOTIERS_LOGO.png","contentUrl":"https:\/\/artmotiers.ch\/wp-content\/uploads\/2024\/10\/ART_MOTIERS_LOGO.png","width":6108,"height":3582,"caption":"Art M\u00f4tiers"},"image":{"@id":"https:\/\/artmotiers.ch\/de\/#\/schema\/logo\/image\/"}}]}},"_links":{"self":[{"href":"https:\/\/artmotiers.ch\/de\/wp-json\/wp\/v2\/pages\/34619","targetHints":{"allow":["GET"]}}],"collection":[{"href":"https:\/\/artmotiers.ch\/de\/wp-json\/wp\/v2\/pages"}],"about":[{"href":"https:\/\/artmotiers.ch\/de\/wp-json\/wp\/v2\/types\/page"}],"author":[{"embeddable":true,"href":"https:\/\/artmotiers.ch\/de\/wp-json\/wp\/v2\/users\/1"}],"replies":[{"embeddable":true,"href":"https:\/\/artmotiers.ch\/de\/wp-json\/wp\/v2\/comments?post=34619"}],"version-history":[{"count":12,"href":"https:\/\/artmotiers.ch\/de\/wp-json\/wp\/v2\/pages\/34619\/revisions"}],"predecessor-version":[{"id":35332,"href":"https:\/\/artmotiers.ch\/de\/wp-json\/wp\/v2\/pages\/34619\/revisions\/35332"}],"up":[{"embeddable":true,"href":"https:\/\/artmotiers.ch\/de\/wp-json\/wp\/v2\/pages\/34741"}],"wp:attachment":[{"href":"https:\/\/artmotiers.ch\/de\/wp-json\/wp\/v2\/media?parent=34619"}],"wp:term":[{"taxonomy":"folder","embeddable":true,"href":"https:\/\/artmotiers.ch\/de\/wp-json\/wp\/v2\/folder?post=34619"}],"curies":[{"name":"wp","href":"https:\/\/api.w.org\/{rel}","templated":true}]}}